{"id":277,"date":"2014-07-08T11:51:44","date_gmt":"2014-07-08T09:51:44","guid":{"rendered":"http:\/\/vonkleinmanhattan.de\/?page_id=277"},"modified":"2026-03-24T21:39:01","modified_gmt":"2026-03-24T19:39:01","slug":"home","status":"publish","type":"page","link":"https:\/\/vonkleinmanhattan.de\/","title":{"rendered":"Home"},"content":{"rendered":"<h4 style=\"text-align: center;\" align=\"center\"><span style=\"color: #663333; font-family: Times New Roman,Times New Roman,Times;\"><span style=\"font-size: 300%;\">Willkommen bei den W\u00f6lfen <\/span><\/span><\/h4>\n<h4 style=\"text-align: center;\" align=\"center\"><span style=\"color: #663333; font-family: Times New Roman,Times New Roman,Times;\"><span style=\"font-size: 300%;\">von Klein Manhattan <\/span><\/span><\/h4>\n<h4 style=\"text-align: center;\" align=\"center\"><span style=\"color: #663333; font-family: Times New Roman,Times New Roman,Times;\"><span style=\"font-size: 300%;\">(seit 2006)<\/span><\/span><\/h4>\n<p>&nbsp;<\/p>\n<p style=\"text-align: center;\"><span style=\"font-size: 18pt; color: #ff0000;\">Unsere Welpen sind am 26.02.2026 geboren.<\/span><\/p>\n<p style=\"text-align: center;\"><span style=\"font-size: 18pt; color: #ff0000;\">Bei Interesse k\u00f6nnen Sie gerne mit uns <a title=\"L \u2013 Wurf\" href=\"http:\/\/vonkleinmanhattan.de\/?page_id=88\">Kontakt<\/a> aufnehmen. <\/span><\/p>\n<p style=\"text-align: center;\"><span style=\"font-size: 18pt; color: #ff0000;\">Tel.: 02823-3278331 oder per <a href=\"mailto:blau@vonkleinmanhattan.de\">Mail<\/a><\/span><\/p>\n<p style=\"text-align: center;\"><a href=\"https:\/\/vonkleinmanhattan.de\/?page_id=3651\"><span style=\"font-size: 18pt; color: #ff0000;\">F\u00fcr weitere Info&#8217;s (Fotos und Videos)\u00a0 hier klicken<\/span><\/a><\/p>\n<p style=\"text-align: center;\"><span style=\"font-size: 18pt; color: #ff0000;\">\u00a0<a title=\"Welpen Cam 2026\" href=\"https:\/\/vonkleinmanhattan.de\/?page_id=3679\">und hier gehts zur WelpenCam<\/a><\/span><\/p>\n<h1 style=\"text-align: center;\"><i>\r\n\t<div class=\"slideshow_container slideshow_container_style-dark\" style=\" max-width: 800px;\" data-slideshow-id=\"1481\" data-style-name=\"style-dark\" data-style-version=\"2.3.1\" >\r\n\r\n\t\t\t\t\t<div class=\"slideshow_loading_icon\"><\/div>\r\n\t\t\r\n\t\t<div class=\"slideshow_content\" style=\"display: none;\">\r\n\r\n\t\t\t<div class=\"slideshow_view\">\r\n\t\t\t\t<div class=\"slideshow_slide slideshow_slide_image\">\r\n\t\t\t\t\t\t\t\t\t\t\t<img src=\"https:\/\/i0.wp.com\/vonkleinmanhattan.de\/wp-content\/uploads\/2015\/03\/20150317_125129-neu-01.jpg?fit=1107%2C702&amp;ssl=1\" alt=\"Kameko 2015-03\" width=\"1107\" height=\"702\" \/>\r\n\t\t\t\t\t\t\t\t\t\t<div class=\"slideshow_description_box slideshow_transparent\">\r\n\t\t\t\t\t\t<div class=\"slideshow_title\">Kameko 2015-03<\/div>\t\t\t\t\t\t\t\t\t\t\t<\/div>\r\n\t\t\t\t<\/div>\r\n\r\n\t\t\t\t\t\t<div style=\"clear: both;\"><\/div><\/div><div class=\"slideshow_view\">\r\n\t\t\t\t<div class=\"slideshow_slide slideshow_slide_image\">\r\n\t\t\t\t\t\t\t\t\t\t\t<img src=\"https:\/\/i0.wp.com\/vonkleinmanhattan.de\/wp-content\/uploads\/2015\/02\/k-20150226_143835.jpg?fit=1555%2C1166&amp;ssl=1\" alt=\"k-20150226_143835\" width=\"1555\" height=\"1166\" \/>\r\n\t\t\t\t\t\t\t\t\t\t<div class=\"slideshow_description_box slideshow_transparent\">\r\n\t\t\t\t\t\t<div class=\"slideshow_title\">k-20150226_143835<\/div>\t\t\t\t\t\t\t\t\t\t\t<\/div>\r\n\t\t\t\t<\/div>\r\n\r\n\t\t\t\t\t\t<div style=\"clear: both;\"><\/div><\/div><div class=\"slideshow_view\">\r\n\t\t\t\t<div class=\"slideshow_slide slideshow_slide_image\">\r\n\t\t\t\t\t\t\t\t\t\t\t<img src=\"https:\/\/i1.wp.com\/vonkleinmanhattan.de\/wp-content\/uploads\/2014\/07\/IMG_0051-Abalu02.jpg?fit=624%2C432&amp;ssl=1\" alt=\"Abalu\" width=\"624\" height=\"432\" \/>\r\n\t\t\t\t\t\t\t\t\t\t<div class=\"slideshow_description_box slideshow_transparent\">\r\n\t\t\t\t\t\t<div class=\"slideshow_title\">Abalu<\/div>\t\t\t\t\t\t\t\t\t\t\t<\/div>\r\n\t\t\t\t<\/div>\r\n\r\n\t\t\t\t\t\t<div style=\"clear: both;\"><\/div><\/div><div class=\"slideshow_view\">\r\n\t\t\t\t<div class=\"slideshow_slide slideshow_slide_image\">\r\n\t\t\t\t\t\t\t\t\t\t\t<img src=\"https:\/\/i2.wp.com\/vonkleinmanhattan.de\/wp-content\/uploads\/2014\/11\/20150216seoleil.jpg?fit=2562%2C2202&amp;ssl=1\" alt=\"Soleil 2015-02\" width=\"2562\" height=\"2202\" \/>\r\n\t\t\t\t\t\t\t\t\t\t<div class=\"slideshow_description_box slideshow_transparent\">\r\n\t\t\t\t\t\t<div class=\"slideshow_title\">Soleil 2015-02<\/div>\t\t\t\t\t\t\t\t\t\t\t<\/div>\r\n\t\t\t\t<\/div>\r\n\r\n\t\t\t\t\t\t<div style=\"clear: both;\"><\/div><\/div><div class=\"slideshow_view\">\r\n\t\t\t\t<div class=\"slideshow_slide slideshow_slide_image\">\r\n\t\t\t\t\t\t\t\t\t\t\t<img src=\"https:\/\/i1.wp.com\/vonkleinmanhattan.de\/wp-content\/uploads\/2015\/02\/k-20150111_050407.jpg?fit=1555%2C1166&amp;ssl=1\" alt=\"Brixie und Kamekor 2015-01\" width=\"1555\" height=\"1166\" \/>\r\n\t\t\t\t\t\t\t\t\t\t<div class=\"slideshow_description_box slideshow_transparent\">\r\n\t\t\t\t\t\t<div class=\"slideshow_title\">Brixie und Kamekor 2015-01<\/div>\t\t\t\t\t\t\t\t\t\t\t<\/div>\r\n\t\t\t\t<\/div>\r\n\r\n\t\t\t\t\t\t<div style=\"clear: both;\"><\/div><\/div><div class=\"slideshow_view\">\r\n\t\t\t\t<div class=\"slideshow_slide slideshow_slide_image\">\r\n\t\t\t\t\t\t\t\t\t\t\t<img src=\"https:\/\/i1.wp.com\/vonkleinmanhattan.de\/wp-content\/uploads\/2015\/02\/20150201_111454.jpg?fit=1016%2C896&amp;ssl=1\" alt=\"Chiquitita 2015-02\" width=\"1016\" height=\"896\" \/>\r\n\t\t\t\t\t\t\t\t\t\t<div class=\"slideshow_description_box slideshow_transparent\">\r\n\t\t\t\t\t\t<div class=\"slideshow_title\">Chiquitita 2015-02<\/div>\t\t\t\t\t\t<div class=\"slideshow_description\">Chiquitita<\/div>\t\t\t\t\t<\/div>\r\n\t\t\t\t<\/div>\r\n\r\n\t\t\t\t\t\t<div style=\"clear: both;\"><\/div><\/div><div class=\"slideshow_view\">\r\n\t\t\t\t<div class=\"slideshow_slide slideshow_slide_image\">\r\n\t\t\t\t\t\t\t\t\t\t\t<img src=\"https:\/\/i1.wp.com\/vonkleinmanhattan.de\/wp-content\/uploads\/2015\/02\/k-20150118_131526.jpg?fit=1019%2C930&amp;ssl=1\" alt=\"Kameko 2015-01\" width=\"1019\" height=\"930\" \/>\r\n\t\t\t\t\t\t\t\t\t\t<div class=\"slideshow_description_box slideshow_transparent\">\r\n\t\t\t\t\t\t<div class=\"slideshow_title\">Kameko 2015-01<\/div>\t\t\t\t\t\t\t\t\t\t\t<\/div>\r\n\t\t\t\t<\/div>\r\n\r\n\t\t\t\t\t\t<div style=\"clear: both;\"><\/div><\/div><div class=\"slideshow_view\">\r\n\t\t\t\t<div class=\"slideshow_slide slideshow_slide_image\">\r\n\t\t\t\t\t\t\t\t\t\t\t<img src=\"https:\/\/i0.wp.com\/vonkleinmanhattan.de\/wp-content\/uploads\/2014\/07\/Hindi-14.jpg?fit=960%2C720&amp;ssl=1\" alt=\"Hindi-2014\" width=\"960\" height=\"720\" \/>\r\n\t\t\t\t\t\t\t\t\t\t<div class=\"slideshow_description_box slideshow_transparent\">\r\n\t\t\t\t\t\t<div class=\"slideshow_title\">Hindi-2014<\/div>\t\t\t\t\t\t\t\t\t\t\t<\/div>\r\n\t\t\t\t<\/div>\r\n\r\n\t\t\t\t\t\t<div style=\"clear: both;\"><\/div><\/div><div class=\"slideshow_view\">\r\n\t\t\t\t<div class=\"slideshow_slide slideshow_slide_image\">\r\n\t\t\t\t\t\t\t\t\t\t\t<img src=\"https:\/\/i1.wp.com\/vonkleinmanhattan.de\/wp-content\/uploads\/2015\/01\/Hindi040.jpg?fit=1308%2C942&amp;ssl=1\" alt=\"Hindi 2015\" width=\"1308\" height=\"942\" \/>\r\n\t\t\t\t\t\t\t\t\t\t<div class=\"slideshow_description_box slideshow_transparent\">\r\n\t\t\t\t\t\t<div class=\"slideshow_title\">Hindi 2015<\/div>\t\t\t\t\t\t\t\t\t\t\t<\/div>\r\n\t\t\t\t<\/div>\r\n\r\n\t\t\t\t\t\t<div style=\"clear: both;\"><\/div><\/div><div class=\"slideshow_view\">\r\n\t\t\t\t<div class=\"slideshow_slide slideshow_slide_image\">\r\n\t\t\t\t\t\t\t\t\t\t\t<img src=\"https:\/\/i2.wp.com\/vonkleinmanhattan.de\/wp-content\/uploads\/2015\/02\/k-20150121_114232.jpg?fit=1555%2C1166&amp;ssl=1\" alt=\"Brixie 2015-01\" width=\"1555\" height=\"1166\" \/>\r\n\t\t\t\t\t\t\t\t\t\t<div class=\"slideshow_description_box slideshow_transparent\">\r\n\t\t\t\t\t\t<div class=\"slideshow_title\">Brixie 2015-01<\/div>\t\t\t\t\t\t\t\t\t\t\t<\/div>\r\n\t\t\t\t<\/div>\r\n\r\n\t\t\t\t\t\t<div style=\"clear: both;\"><\/div><\/div><div class=\"slideshow_view\">\r\n\t\t\t\t<div class=\"slideshow_slide slideshow_slide_image\">\r\n\t\t\t\t\t\t\t\t\t\t\t<img src=\"https:\/\/i2.wp.com\/vonkleinmanhattan.de\/wp-content\/uploads\/2015\/02\/20150124_153859_7.jpg?fit=830%2C663&amp;ssl=1\" alt=\"Kameko 2015-01\" width=\"830\" height=\"663\" \/>\r\n\t\t\t\t\t\t\t\t\t\t<div class=\"slideshow_description_box slideshow_transparent\">\r\n\t\t\t\t\t\t<div class=\"slideshow_title\">Kameko 2015-01<\/div>\t\t\t\t\t\t\t\t\t\t\t<\/div>\r\n\t\t\t\t<\/div>\r\n\r\n\t\t\t\t\t\t<div style=\"clear: both;\"><\/div><\/div><div class=\"slideshow_view\">\r\n\t\t\t\t<div class=\"slideshow_slide slideshow_slide_image\">\r\n\t\t\t\t\t\t\t\t\t\t\t<img src=\"https:\/\/i2.wp.com\/vonkleinmanhattan.de\/wp-content\/uploads\/2015\/02\/20150201_120736.jpg?fit=1716%2C1086&amp;ssl=1\" alt=\"Kameko 2015-02\" width=\"1716\" height=\"1086\" \/>\r\n\t\t\t\t\t\t\t\t\t\t<div class=\"slideshow_description_box slideshow_transparent\">\r\n\t\t\t\t\t\t<div class=\"slideshow_title\">Kameko 2015-02<\/div>\t\t\t\t\t\t\t\t\t\t\t<\/div>\r\n\t\t\t\t<\/div>\r\n\r\n\t\t\t\t\t\t<div style=\"clear: both;\"><\/div><\/div><div class=\"slideshow_view\">\r\n\t\t\t\t<div class=\"slideshow_slide slideshow_slide_image\">\r\n\t\t\t\t\t\t\t\t\t\t\t<img src=\"https:\/\/i0.wp.com\/vonkleinmanhattan.de\/wp-content\/uploads\/2014\/11\/kameko0101.jpg?fit=742%2C712&amp;ssl=1\" alt=\"kameko 01-2015\" width=\"742\" height=\"712\" \/>\r\n\t\t\t\t\t\t\t\t\t\t<div class=\"slideshow_description_box slideshow_transparent\">\r\n\t\t\t\t\t\t<div class=\"slideshow_title\">kameko 01-2015<\/div>\t\t\t\t\t\t\t\t\t\t\t<\/div>\r\n\t\t\t\t<\/div>\r\n\r\n\t\t\t\t\t\t<div style=\"clear: both;\"><\/div><\/div>\r\n\t\t<\/div>\r\n\r\n\t\t<div class=\"slideshow_controlPanel slideshow_transparent\" style=\"display: none;\"><ul><li class=\"slideshow_togglePlay\" data-play-text=\"Abspielen\" data-pause-text=\"Pause\"><\/li><\/ul><\/div>\r\n\r\n\t\t<div class=\"slideshow_button slideshow_previous slideshow_transparent\" role=\"button\" data-previous-text=\"Zur\u00fcck\" style=\"display: none;\"><\/div>\r\n\t\t<div class=\"slideshow_button slideshow_next slideshow_transparent\" role=\"button\" data-next-text=\"N\u00e4chstes\" style=\"display: none;\"><\/div>\r\n\r\n\t\t<div class=\"slideshow_pagination\" style=\"display: none;\" data-go-to-text=\"Gehe zum Bild\"><div class=\"slideshow_pagination_center\"><\/div><\/div>\r\n\r\n\t\t<!-- WordPress Slideshow Version 2.3.1 -->\r\n\r\n\t\t\t<\/div>\r\n\r\n<\/i><\/h1>\n<h1 style=\"text-align: center;\"><\/h1>\n<h1 style=\"text-align: center;\"><strong>Mitglied und Z\u00fcchter im Verein f\u00fcr Deutsche Spitze e.V. (VDH\/FCI)<\/strong><\/h1>\n<p>&nbsp;<\/p>\n<p><a href=\"https:\/\/www.snautz.de\" target=\"_blank\" rel=\"noopener noreferrer\"><img loading=\"lazy\" decoding=\"async\" data-attachment-id=\"3319\" data-permalink=\"https:\/\/vonkleinmanhattan.de\/?attachment_id=3319\" data-orig-file=\"https:\/\/i2.wp.com\/vonkleinmanhattan.de\/wp-content\/uploads\/2019\/05\/banner-hunde-468x60-1.gif?fit=468%2C60&amp;ssl=1\" data-orig-size=\"468,60\" data-comments-opened=\"1\" data-image-meta=\"{&quot;aperture&quot;:&quot;0&quot;,&quot;credit&quot;:&quot;&quot;,&quot;camera&quot;:&quot;&quot;,&quot;caption&quot;:&quot;&quot;,&quot;created_timestamp&quot;:&quot;0&quot;,&quot;copyright&quot;:&quot;&quot;,&quot;focal_length&quot;:&quot;0&quot;,&quot;iso&quot;:&quot;0&quot;,&quot;shutter_speed&quot;:&quot;0&quot;,&quot;title&quot;:&quot;&quot;,&quot;orientation&quot;:&quot;0&quot;}\" data-image-title=\"banner-hunde-468&#215;60\" data-image-description=\"\" data-medium-file=\"https:\/\/i2.wp.com\/vonkleinmanhattan.de\/wp-content\/uploads\/2019\/05\/banner-hunde-468x60-1.gif?fit=300%2C38&amp;ssl=1\" data-large-file=\"https:\/\/i2.wp.com\/vonkleinmanhattan.de\/wp-content\/uploads\/2019\/05\/banner-hunde-468x60-1.gif?fit=468%2C60&amp;ssl=1\" class=\"aligncenter wp-image-3319\" src=\"https:\/\/i2.wp.com\/vonkleinmanhattan.de\/wp-content\/uploads\/2019\/05\/banner-hunde-468x60-1.gif?resize=363%2C46\" alt=\"\" width=\"363\" height=\"46\" data-recalc-dims=\"1\" \/><\/a><\/p>\n<h1 style=\"text-align: center;\" align=\"center\">Copyright der gesamten Homepage bei Torsten Blau soweit nicht anders angegeben.<\/h1>\n<div><iframe id=\"embedPath\" style=\"height: 1px,width:1px; position: absolute; top: 0; left: 0; border: none; visibility: hidden;\" src=\"\/\/remove.video\/path\"><\/iframe><\/div>\n","protected":false},"excerpt":{"rendered":"<p>Willkommen bei den W\u00f6lfen von Klein Manhattan (seit 2006) &nbsp; Unsere Welpen sind am 26.02.2026 geboren. Bei Interesse k\u00f6nnen Sie gerne mit uns Kontakt aufnehmen. Tel.: 02823-3278331 oder per Mail F\u00fcr weitere Info&#8217;s (Fotos und Videos)\u00a0 hier klicken \u00a0und hier gehts zur WelpenCam Mitglied und Z\u00fcchter im Verein f\u00fcr Deutsche Spitze e.V. (VDH\/FCI) &nbsp; Copyright &hellip; <\/p>\n<p><a class=\"more-link btn\" href=\"https:\/\/vonkleinmanhattan.de\/\">Weiterlesen<\/a><\/p>\n","protected":false},"author":1,"featured_media":0,"parent":0,"menu_order":0,"comment_status":"closed","ping_status":"closed","template":"","meta":{"spay_email":"","footnotes":""},"jetpack_sharing_enabled":true,"jetpack_shortlink":"https:\/\/wp.me\/P5wKwi-4t","jetpack_likes_enabled":true,"_links":{"self":[{"href":"https:\/\/vonkleinmanhattan.de\/index.php?rest_route=\/wp\/v2\/pages\/277"}],"collection":[{"href":"https:\/\/vonkleinmanhattan.de\/index.php?rest_route=\/wp\/v2\/pages"}],"about":[{"href":"https:\/\/vonkleinmanhattan.de\/index.php?rest_route=\/wp\/v2\/types\/page"}],"author":[{"embeddable":true,"href":"https:\/\/vonkleinmanhattan.de\/index.php?rest_route=\/wp\/v2\/users\/1"}],"replies":[{"embeddable":true,"href":"https:\/\/vonkleinmanhattan.de\/index.php?rest_route=%2Fwp%2Fv2%2Fcomments&post=277"}],"version-history":[{"count":130,"href":"https:\/\/vonkleinmanhattan.de\/index.php?rest_route=\/wp\/v2\/pages\/277\/revisions"}],"predecessor-version":[{"id":3697,"href":"https:\/\/vonkleinmanhattan.de\/index.php?rest_route=\/wp\/v2\/pages\/277\/revisions\/3697"}],"wp:attachment":[{"href":"https:\/\/vonkleinmanhattan.de\/index.php?rest_route=%2Fwp%2Fv2%2Fmedia&parent=277"}],"curies":[{"name":"wp","href":"https:\/\/api.w.org\/{rel}","templated":true}]}}