{"id":3679,"date":"2026-03-19T09:06:12","date_gmt":"2026-03-19T07:06:12","guid":{"rendered":"https:\/\/vonkleinmanhattan.de\/?page_id=3679"},"modified":"2026-03-31T13:43:52","modified_gmt":"2026-03-31T11:43:52","slug":"welpen-cam-2026","status":"publish","type":"page","link":"https:\/\/vonkleinmanhattan.de\/?page_id=3679","title":{"rendered":"Welpen Cam 2026"},"content":{"rendered":"<h1 style=\"text-align: center;\">Welpen Cam<\/h1>\n<h3 style=\"text-align: center;\"><b>\u00dcber unsere Webcam k\u00f6nnen <\/b><b>Sie unsere Welpen live beobachten.<\/b><\/h3>\n<h3 style=\"text-align: center;\"><strong><a href=\"http:\/\/qhqsplors72dzowl.myfritz.net\/\">Hier geht es zur Webcam:<\/a> <\/strong><\/h3>\n<p style=\"text-align: center;\"><a href=\"http:\/\/qhqsplors72dzowl.myfritz.net\/\"><img loading=\"lazy\" decoding=\"async\" data-attachment-id=\"725\" data-permalink=\"https:\/\/vonkleinmanhattan.de\/?attachment_id=725\" data-orig-file=\"https:\/\/i0.wp.com\/vonkleinmanhattan.de\/wp-content\/uploads\/2014\/08\/webcam.jpg?fit=150%2C145&amp;ssl=1\" data-orig-size=\"150,145\" data-comments-opened=\"1\" data-image-meta=\"{&quot;aperture&quot;:&quot;0&quot;,&quot;credit&quot;:&quot;&quot;,&quot;camera&quot;:&quot;&quot;,&quot;caption&quot;:&quot;&quot;,&quot;created_timestamp&quot;:&quot;0&quot;,&quot;copyright&quot;:&quot;&quot;,&quot;focal_length&quot;:&quot;0&quot;,&quot;iso&quot;:&quot;0&quot;,&quot;shutter_speed&quot;:&quot;0&quot;,&quot;title&quot;:&quot;&quot;}\" data-image-title=\"webcam\" data-image-description=\"\" data-medium-file=\"https:\/\/i0.wp.com\/vonkleinmanhattan.de\/wp-content\/uploads\/2014\/08\/webcam.jpg?fit=150%2C145&amp;ssl=1\" data-large-file=\"https:\/\/i0.wp.com\/vonkleinmanhattan.de\/wp-content\/uploads\/2014\/08\/webcam.jpg?fit=150%2C145&amp;ssl=1\" class=\"aligncenter wp-image-725 size-full\" src=\"https:\/\/i0.wp.com\/vonkleinmanhattan.de\/wp-content\/uploads\/2014\/08\/webcam.jpg?resize=150%2C145\" alt=\"WebCam direkt ins Welpengehege\" width=\"150\" height=\"145\" data-recalc-dims=\"1\" \/><\/a><\/p>\n<p>&nbsp;<\/p>\n<p style=\"text-align: center;\"><strong><span style=\"font-size: 24pt;\">Anleitung zur Web Cam<\/span><\/strong><\/p>\n<table style=\"border-collapse: collapse; width: 191.224%; height: 741px;\">\n<tbody>\n<tr>\n<td style=\"width: 20.5333%;\"><\/td>\n<td style=\"width: 109.067%;\"><span style=\"font-size: 14pt;\">Zur Anmeldung m\u00fcssen Sie als<\/span><\/p>\n<p><span style=\"font-size: 14pt;\"><strong>Username: gast01 und als Passwort: manhattan eingeben. <\/strong><\/span><\/p>\n<p><span style=\"font-size: 14pt;\">Wenn dies nicht funktioniert, dann m\u00fcssen Sie einen anderen Usernamen eingeben.\u00a0 Diesen kann man zwischen <strong>gast01, gast02, gast03, gast04<\/strong> &#8230;.. bis <strong>gast09\u00a0<\/strong>frei w\u00e4hlen, dass Passwort bleibt bei allen immer <strong>manhattan<\/strong><\/span><\/p>\n<p><span style=\"font-size: 14pt;\">Damit das Bild nicht verzerrt angezeigt wird m\u00fcssen Sie oben rechts im Bild den <strong>mittleren Button<\/strong> &#8220;<strong>Center<\/strong>&#8221; anklicken.<\/span><\/p>\n<p><a href=\"https:\/\/i2.wp.com\/vonkleinmanhattan.de\/wp-content\/uploads\/2026\/03\/Screenshot-2026-03-19-075312.jpg\"><img loading=\"lazy\" decoding=\"async\" data-attachment-id=\"3687\" data-permalink=\"https:\/\/vonkleinmanhattan.de\/?attachment_id=3687\" data-orig-file=\"https:\/\/i2.wp.com\/vonkleinmanhattan.de\/wp-content\/uploads\/2026\/03\/Screenshot-2026-03-19-075312.jpg?fit=1371%2C703&amp;ssl=1?v=1773905344\" data-orig-size=\"1371,703\" data-comments-opened=\"1\" data-image-meta=\"{&quot;aperture&quot;:&quot;0&quot;,&quot;credit&quot;:&quot;&quot;,&quot;camera&quot;:&quot;&quot;,&quot;caption&quot;:&quot;&quot;,&quot;created_timestamp&quot;:&quot;0&quot;,&quot;copyright&quot;:&quot;&quot;,&quot;focal_length&quot;:&quot;0&quot;,&quot;iso&quot;:&quot;0&quot;,&quot;shutter_speed&quot;:&quot;0&quot;,&quot;title&quot;:&quot;&quot;,&quot;orientation&quot;:&quot;0&quot;}\" data-image-title=\"Screenshot 2026-03-19 075312\" data-image-description=\"\" data-medium-file=\"https:\/\/i2.wp.com\/vonkleinmanhattan.de\/wp-content\/uploads\/2026\/03\/Screenshot-2026-03-19-075312.jpg?fit=300%2C154&amp;ssl=1?v=1773905344\" data-large-file=\"https:\/\/i2.wp.com\/vonkleinmanhattan.de\/wp-content\/uploads\/2026\/03\/Screenshot-2026-03-19-075312.jpg?fit=944%2C484&amp;ssl=1?v=1773905344\" class=\"aligncenter size-full wp-image-3687\" src=\"https:\/\/i2.wp.com\/vonkleinmanhattan.de\/wp-content\/uploads\/2026\/03\/Screenshot-2026-03-19-075312.jpg?resize=945%2C485\" alt=\"\" width=\"945\" height=\"485\" srcset=\"https:\/\/i2.wp.com\/vonkleinmanhattan.de\/wp-content\/uploads\/2026\/03\/Screenshot-2026-03-19-075312.jpg?w=1371&amp;ssl=1 1371w, https:\/\/i2.wp.com\/vonkleinmanhattan.de\/wp-content\/uploads\/2026\/03\/Screenshot-2026-03-19-075312.jpg?w=300&amp;ssl=1 300w, https:\/\/i2.wp.com\/vonkleinmanhattan.de\/wp-content\/uploads\/2026\/03\/Screenshot-2026-03-19-075312.jpg?w=1024&amp;ssl=1 1024w, https:\/\/i2.wp.com\/vonkleinmanhattan.de\/wp-content\/uploads\/2026\/03\/Screenshot-2026-03-19-075312.jpg?w=768&amp;ssl=1 768w, https:\/\/i2.wp.com\/vonkleinmanhattan.de\/wp-content\/uploads\/2026\/03\/Screenshot-2026-03-19-075312.jpg?w=944&amp;ssl=1 944w\" sizes=\"(max-width: 944px) 100vw, 944px\" data-recalc-dims=\"1\" \/><\/a><\/td>\n<td style=\"width: 49.0667%;\"><\/td>\n<\/tr>\n<\/tbody>\n<\/table>\n<p>&nbsp;<\/p>\n<p style=\"text-align: left;\">\n","protected":false},"excerpt":{"rendered":"<p>Welpen Cam \u00dcber unsere Webcam k\u00f6nnen Sie unsere Welpen live beobachten. Hier geht es zur Webcam: &nbsp; Anleitung zur Web Cam Zur Anmeldung m\u00fcssen Sie als Username: gast01 und als Passwort: manhattan eingeben. Wenn dies nicht funktioniert, dann m\u00fcssen Sie einen anderen Usernamen eingeben.\u00a0 Diesen kann man zwischen gast01, gast02, gast03, gast04 &#8230;.. bis gast09\u00a0frei &hellip; <\/p>\n<p><a class=\"more-link btn\" href=\"https:\/\/vonkleinmanhattan.de\/?page_id=3679\">Weiterlesen<\/a><\/p>\n","protected":false},"author":1,"featured_media":0,"parent":3651,"menu_order":0,"comment_status":"closed","ping_status":"closed","template":"","meta":{"spay_email":"","footnotes":""},"jetpack_sharing_enabled":true,"jetpack_shortlink":"https:\/\/wp.me\/P5wKwi-Xl","jetpack_likes_enabled":true,"_links":{"self":[{"href":"https:\/\/vonkleinmanhattan.de\/index.php?rest_route=\/wp\/v2\/pages\/3679"}],"collection":[{"href":"https:\/\/vonkleinmanhattan.de\/index.php?rest_route=\/wp\/v2\/pages"}],"about":[{"href":"https:\/\/vonkleinmanhattan.de\/index.php?rest_route=\/wp\/v2\/types\/page"}],"author":[{"embeddable":true,"href":"https:\/\/vonkleinmanhattan.de\/index.php?rest_route=\/wp\/v2\/users\/1"}],"replies":[{"embeddable":true,"href":"https:\/\/vonkleinmanhattan.de\/index.php?rest_route=%2Fwp%2Fv2%2Fcomments&post=3679"}],"version-history":[{"count":10,"href":"https:\/\/vonkleinmanhattan.de\/index.php?rest_route=\/wp\/v2\/pages\/3679\/revisions"}],"predecessor-version":[{"id":3730,"href":"https:\/\/vonkleinmanhattan.de\/index.php?rest_route=\/wp\/v2\/pages\/3679\/revisions\/3730"}],"up":[{"embeddable":true,"href":"https:\/\/vonkleinmanhattan.de\/index.php?rest_route=\/wp\/v2\/pages\/3651"}],"wp:attachment":[{"href":"https:\/\/vonkleinmanhattan.de\/index.php?rest_route=%2Fwp%2Fv2%2Fmedia&parent=3679"}],"curies":[{"name":"wp","href":"https:\/\/api.w.org\/{rel}","templated":true}]}}