{"id":48,"date":"2014-07-07T23:53:56","date_gmt":"2014-07-07T21:53:56","guid":{"rendered":"http:\/\/vonkleinmanhattan.de\/?page_id=48"},"modified":"2017-10-13T02:42:08","modified_gmt":"2017-10-13T00:42:08","slug":"deckrueden","status":"publish","type":"page","link":"https:\/\/vonkleinmanhattan.de\/?page_id=48","title":{"rendered":"Deckr\u00fcden"},"content":{"rendered":"<p>Hier sind unsere zugelassenen Deckr\u00fcden. Bei Fragen zu unseren R\u00fcden stehen wir<\/p>\n<p>wie immer per <a href=\"mailto:t.blau@web.de?subject=Deckr%C3%BCdenanfrage\">mail<\/a> oder Telefon 02823-9285158 zur Verf\u00fcgung. Auf Wunsch \u00fcbersenden wir<\/p>\n<p>Ihnen gerne die Ahnentafel des R\u00fcden.<\/p>\n<table width=\"100%\">\n<tbody>\n<tr>\n<td width=\"100%\">\u00a0<strong>&gt;&gt; Duke von klein Manhattan &lt;&lt; <\/strong><\/p>\n<p>WT: 19.09.2009HD &#8211; B 1 \u00dcbergang,<\/p>\n<p>PHPT &#8211; negativ,\u00a0 DNA hinterlegt, ED und Patella 0\/0<\/p>\n<p><strong>TOP SPITZ 2013<\/strong><\/p>\n<p><strong>(gegen 683 Spitze hat sich Duke von Klein Manhattan als sch\u00f6nster Spitz durchgesetzt. Herzlichen Gl\u00fcckwunsch!)<\/strong><\/p>\n<p>Auslesegruppe, VDH\u00a0 BH\/VT (Begleithundpr\u00fcfung)<\/p>\n<p>Bettina Strahl, Elisabethstr. 16, 45139 Essen, 0201-8058300<\/p>\n<p>Homepage: <a href=\"http:\/\/www.duke-falco.de\">www.duke-falco.de<\/a><\/p>\n<p>e-mail: <a href=\"mailto:bstrahl@online.de?subject=Deckanfrage\">bstrahl@online.de<\/a><\/p>\n<p>&#8212;&#8212;&#8212;&#8212;&#8212;&#8212;&#8212;&#8212;&#8212;&#8212;&#8212;&#8212;&#8212;&#8212;&#8212;&#8212;&#8212;&#8212;&#8212;&#8212;&#8212;&#8212;&#8212;&#8212;&#8212;&#8212;&#8212;&#8212;&#8212;&#8212;&#8212;&#8212;&#8212;&#8212;&#8212;&#8212;<\/p>\n<p>Wolfsspitz<\/p>\n<p>&gt;&gt; Falko von klein Manhattan &lt;&lt;<\/p>\n<p>geb. 31.03.2011, PHPT-frei,<\/p>\n<p>DNA hinterlegt, HD-Grad: B, ED und PL 0\/0,<\/p>\n<p>Auslesezucht, Auslesegruppe,<\/p>\n<p>BH\/VT (Begleithundpr\u00fcfung VDH),<\/p>\n<p>komplettes Scherengebiss, 55 cm gro\u00df, 21 kg.<\/p>\n<p>Bettina Strahl, Elisabethstr. 16,\u00a0 45139 Essen,<\/p>\n<p>Tel.: 0201-8058300<\/p>\n<p>e-mail: <a href=\"mailto:tina@duke-falco.de\"> tina@duke-falco.de<\/a><\/p>\n<p>Homepage: <a href=\"http:\/\/www.duke-falco.de\"> www.duke-falco.de<\/a><\/p>\n<p>&#8212;&#8212;&#8212;&#8212;&#8212;&#8212;&#8212;&#8212;&#8212;&#8212;&#8212;&#8212;&#8212;&#8212;&#8212;&#8212;&#8212;&#8212;&#8212;&#8212;&#8212;&#8212;&#8212;&#8212;&#8212;&#8212;&#8212;&#8212;&#8212;&#8212;&#8212;&#8212;&#8212;&#8212;&#8212;&#8212;<\/p>\n<p>&nbsp;<\/p>\n<p>Armando Diego von Klein Manhattan<\/p>\n<p>TOP-Wolfsspitzr\u00fcde 2007<\/p>\n<p>Leipzig Sieger 2008<\/p>\n<p>VDH-Champion, Club Champion<\/p>\n<p>Rheinlandsieger 2009<\/p>\n<p>Bundessieger 2009<\/p>\n<p>komplettes Scherengebiss; HD B1,\u00a0 * 08.05.2006,<\/p>\n<p>ich wohne in H\u00fcnxe\/Niederrhein<\/p>\n<p>&nbsp;<\/p>\n<p>&#8212;&#8212;&#8212;&#8212;&#8212;&#8212;&#8212;&#8212;&#8212;&#8212;&#8212;&#8212;&#8212;&#8212;&#8212;&#8212;&#8212;&#8212;&#8212;&#8212;&#8212;&#8212;&#8212;&#8212;&#8212;&#8212;&#8212;&#8212;&#8212;&#8212;&#8212;&#8212;&#8212;&#8212;&#8212;&#8212;<\/p>\n<p>&nbsp;<\/p>\n<p><a href=\"http:\/\/paulpseudo.bplaced.net\/aboutme4111.htm\">Campino von Klein Manhattan<\/a><\/p>\n<p>komplettes Scherengebiss, HD A1,<\/p>\n<p>ich wohne in Kalkar\/Niederrhein<\/p>\n<p><strong>* 23.05.2008<\/strong><\/p>\n<p><strong>V: Devil vom Kreigenfeld<\/strong><\/p>\n<p><strong>M: Nellys Soleil Aimee<\/strong><\/p>\n<p><strong>Ahnentafel<\/strong><\/p>\n<p>&nbsp;<\/td>\n<\/tr>\n<\/tbody>\n<\/table>\n","protected":false},"excerpt":{"rendered":"<p>Hier sind unsere zugelassenen Deckr\u00fcden. Bei Fragen zu unseren R\u00fcden stehen wir wie immer per mail oder Telefon 02823-9285158 zur Verf\u00fcgung. Auf Wunsch \u00fcbersenden wir Ihnen gerne die Ahnentafel des R\u00fcden. \u00a0&gt;&gt; Duke von klein Manhattan &lt;&lt; WT: 19.09.2009HD &#8211; B 1 \u00dcbergang, PHPT &#8211; negativ,\u00a0 DNA hinterlegt, ED und Patella 0\/0 TOP SPITZ 2013 &hellip; <\/p>\n<p><a class=\"more-link btn\" href=\"https:\/\/vonkleinmanhattan.de\/?page_id=48\">Weiterlesen<\/a><\/p>\n","protected":false},"author":1,"featured_media":0,"parent":0,"menu_order":20,"comment_status":"closed","ping_status":"closed","template":"","meta":{"spay_email":"","footnotes":""},"jetpack_sharing_enabled":true,"jetpack_shortlink":"https:\/\/wp.me\/P5wKwi-M","jetpack_likes_enabled":true,"_links":{"self":[{"href":"https:\/\/vonkleinmanhattan.de\/index.php?rest_route=\/wp\/v2\/pages\/48"}],"collection":[{"href":"https:\/\/vonkleinmanhattan.de\/index.php?rest_route=\/wp\/v2\/pages"}],"about":[{"href":"https:\/\/vonkleinmanhattan.de\/index.php?rest_route=\/wp\/v2\/types\/page"}],"author":[{"embeddable":true,"href":"https:\/\/vonkleinmanhattan.de\/index.php?rest_route=\/wp\/v2\/users\/1"}],"replies":[{"embeddable":true,"href":"https:\/\/vonkleinmanhattan.de\/index.php?rest_route=%2Fwp%2Fv2%2Fcomments&post=48"}],"version-history":[{"count":2,"href":"https:\/\/vonkleinmanhattan.de\/index.php?rest_route=\/wp\/v2\/pages\/48\/revisions"}],"predecessor-version":[{"id":2601,"href":"https:\/\/vonkleinmanhattan.de\/index.php?rest_route=\/wp\/v2\/pages\/48\/revisions\/2601"}],"wp:attachment":[{"href":"https:\/\/vonkleinmanhattan.de\/index.php?rest_route=%2Fwp%2Fv2%2Fmedia&parent=48"}],"curies":[{"name":"wp","href":"https:\/\/api.w.org\/{rel}","templated":true}]}}